{"id":7,"date":"2015-04-10T21:30:18","date_gmt":"2015-04-10T19:30:18","guid":{"rendered":"http:\/\/andrea-m.at.server171-han.server-routing.com\/newhp\/?page_id=7"},"modified":"2026-03-17T17:43:01","modified_gmt":"2026-03-17T16:43:01","slug":"kontakt","status":"publish","type":"page","link":"https:\/\/andrea-m.at\/?page_id=7","title":{"rendered":"Kontakt"},"content":{"rendered":"<p>&nbsp;<\/p>\n<table style=\"width: 99.7452%;\">\n<tbody>\n<tr>\n<td style=\"width: 60.6897%;\">\n<h4 style=\"text-align: left;\">\n<div class=\"wpcf7 no-js\" id=\"wpcf7-f1462-o1\" lang=\"de-DE\" dir=\"ltr\">\n<div class=\"screen-reader-response\"><p role=\"status\" aria-live=\"polite\" aria-atomic=\"true\"><\/p> <ul><\/ul><\/div>\n<form action=\"\/index.php?rest_route=%2Fwp%2Fv2%2Fpages%2F7#wpcf7-f1462-o1\" method=\"post\" class=\"wpcf7-form init\" aria-label=\"Kontaktformular\" novalidate=\"novalidate\" data-status=\"init\">\n<div style=\"display: none;\">\n<input type=\"hidden\" name=\"_wpcf7\" value=\"1462\" \/>\n<input type=\"hidden\" name=\"_wpcf7_version\" value=\"5.7.6\" \/>\n<input type=\"hidden\" name=\"_wpcf7_locale\" value=\"de_DE\" \/>\n<input type=\"hidden\" name=\"_wpcf7_unit_tag\" value=\"wpcf7-f1462-o1\" \/>\n<input type=\"hidden\" name=\"_wpcf7_container_post\" value=\"0\" \/>\n<input type=\"hidden\" name=\"_wpcf7_posted_data_hash\" value=\"\" \/>\n<input type=\"hidden\" name=\"_wpcf7_recaptcha_response\" value=\"\" \/>\n<\/div>\n<p><label> Dein Name (Pflichtfeld)<br \/>\n<span class=\"wpcf7-form-control-wrap\" data-name=\"your-name\"><input size=\"40\" class=\"wpcf7-form-control wpcf7-text wpcf7-validates-as-required\" aria-required=\"true\" aria-invalid=\"false\" value=\"\" type=\"text\" name=\"your-name\" \/><\/span> <\/label>\n<\/p>\n<p><label> Deine E-Mail-Adresse (Pflichtfeld)<br \/>\n<span class=\"wpcf7-form-control-wrap\" data-name=\"your-email\"><input size=\"40\" class=\"wpcf7-form-control wpcf7-text wpcf7-email wpcf7-validates-as-required wpcf7-validates-as-email\" aria-required=\"true\" aria-invalid=\"false\" value=\"\" type=\"email\" name=\"your-email\" \/><\/span> <\/label>\n<\/p>\n<p><label> Deine Telefonnummer (Pflichtfeld)<br \/>\n<span class=\"wpcf7-form-control-wrap\" data-name=\"tel-665\"><input size=\"40\" class=\"wpcf7-form-control wpcf7-text wpcf7-tel wpcf7-validates-as-required wpcf7-validates-as-tel\" aria-required=\"true\" aria-invalid=\"false\" placeholder=\"+43\" value=\"\" type=\"tel\" name=\"tel-665\" \/><\/span> <\/label>\n<\/p>\n<p><label> Betreff<br \/>\n<span class=\"wpcf7-form-control-wrap\" data-name=\"your-subject\"><input size=\"40\" class=\"wpcf7-form-control wpcf7-text\" aria-invalid=\"false\" value=\"\" type=\"text\" name=\"your-subject\" \/><\/span> <\/label>\n<\/p>\n<p><label> Deine Nachricht<br \/>\n<span class=\"wpcf7-form-control-wrap\" data-name=\"your-message\"><textarea cols=\"40\" rows=\"10\" class=\"wpcf7-form-control wpcf7-textarea\" aria-invalid=\"false\" name=\"your-message\"><\/textarea><\/span> <\/label><br \/>\n<span class=\"wpcf7-form-control-wrap recaptcha\" data-name=\"recaptcha\"><span data-sitekey=\"6LeBmNoUAAAAAIEuSwW7Nr1Ppklgtl3WgPLvKm1Z\" class=\"wpcf7-form-control g-recaptcha wpcf7-recaptcha\"><\/span>\r\n<noscript>\r\n\t<div class=\"grecaptcha-noscript\">\r\n\t\t<iframe src=\"https:\/\/www.google.com\/recaptcha\/api\/fallback?k=6LeBmNoUAAAAAIEuSwW7Nr1Ppklgtl3WgPLvKm1Z\" frameborder=\"0\" scrolling=\"no\" width=\"310\" height=\"430\">\r\n\t\t<\/iframe>\r\n\t\t<textarea name=\"g-recaptcha-response\" rows=\"3\" cols=\"40\" placeholder=\"reCaptcha Response Here\">\r\n\t\t<\/textarea>\r\n\t<\/div>\r\n<\/noscript>\r\n<\/span><br \/>\n<input class=\"wpcf7-form-control has-spinner wpcf7-submit\" type=\"submit\" value=\"Senden\" \/>\n<\/p><div class=\"wpcf7-response-output\" aria-hidden=\"true\"><\/div>\n<\/form>\n<\/div>\n<\/h4>\n<\/td>\n<td style=\"width: 39.1379%;\">\n<h4 style=\"text-align: left;\"><em>&nbsp;Design <\/em><\/h4>\n<h4 style=\"text-align: left;\"><em>andrea-<span style=\"color: #800000;\">m <\/span><\/em><\/h4>\n<h4 style=\"text-align: left;\"><em>Schneiderwerkst\u00e4tte<\/em><\/h4>\n<h4 style=\"text-align: left;\"><em>Meisterbetrieb<\/em><\/h4>\n<h4 style=\"text-align: left;\"><em><strong>Mail: design@andrea-m.at<\/strong><\/em><\/h4>\n<h4 style=\"text-align: left;\"><em><strong>Tel:Nr.: 0463 25 75 12<\/strong><\/em><\/h4>\n<h4 style=\"text-align: left;\"><em><strong>Tel:Nr.: 0676 74 66 214<\/strong><\/em><\/h4>\n<h4 style=\"text-align: left;\">&nbsp;<\/h4>\n<h4 style=\"text-align: left;\"><em>\u00d6ffnungszeiten<\/em><\/h4>\n<h4><em>DIE und DO : 0800 &#8211; 1400<br \/>\n<\/em><\/h4>\n<h4><strong><em>FR 0800 &#8211; 1200<\/em><\/strong><\/h4>\n<h4><strong><em>MO und MIT geschlossen<\/em><\/strong><\/h4>\n<h4><strong><em>f\u00fcr Abholung 0463 25 75 12<\/em><\/strong><\/h4>\n<h4><em>ab 1400 nach Vereinbarung<br \/>\n<\/em><\/h4>\n<h4>&nbsp;<\/h4>\n<h4 style=\"text-align: left;\"><strong><em>Hauptmann Hermann Platz 4<\/em><\/strong><\/h4>\n<h4 style=\"text-align: left;\"><strong><em>9020 Klagenfurt<\/em><\/strong><\/h4>\n<\/td>\n<\/tr>\n<\/tbody>\n<\/table>\n<h4 style=\"text-align: left;\">&nbsp;<\/h4>\n<p>&nbsp;<\/p>\n","protected":false},"excerpt":{"rendered":"<p>&nbsp; &nbsp;Design andrea-m Schneiderwerkst\u00e4tte Meisterbetrieb Mail: design@andrea-m.at Tel:Nr.: 0463 25 75 12 Tel:Nr.: 0676 74 66 214 &nbsp; \u00d6ffnungszeiten DIE und DO : 0800 &#8211; 1400 FR 0800 &#8211; 1200 MO und MIT geschlossen f\u00fcr Abholung 0463 25 75 12 ab 1400 nach Vereinbarung &nbsp; Hauptmann Hermann Platz 4 9020 Klagenfurt &nbsp; &nbsp;<\/p>\n","protected":false},"author":1,"featured_media":0,"parent":0,"menu_order":0,"comment_status":"closed","ping_status":"closed","template":"","meta":{"ngg_post_thumbnail":0},"_links":{"self":[{"href":"https:\/\/andrea-m.at\/index.php?rest_route=\/wp\/v2\/pages\/7"}],"collection":[{"href":"https:\/\/andrea-m.at\/index.php?rest_route=\/wp\/v2\/pages"}],"about":[{"href":"https:\/\/andrea-m.at\/index.php?rest_route=\/wp\/v2\/types\/page"}],"author":[{"embeddable":true,"href":"https:\/\/andrea-m.at\/index.php?rest_route=\/wp\/v2\/users\/1"}],"replies":[{"embeddable":true,"href":"https:\/\/andrea-m.at\/index.php?rest_route=%2Fwp%2Fv2%2Fcomments&post=7"}],"version-history":[{"count":68,"href":"https:\/\/andrea-m.at\/index.php?rest_route=\/wp\/v2\/pages\/7\/revisions"}],"predecessor-version":[{"id":1838,"href":"https:\/\/andrea-m.at\/index.php?rest_route=\/wp\/v2\/pages\/7\/revisions\/1838"}],"wp:attachment":[{"href":"https:\/\/andrea-m.at\/index.php?rest_route=%2Fwp%2Fv2%2Fmedia&parent=7"}],"curies":[{"name":"wp","href":"https:\/\/api.w.org\/{rel}","templated":true}]}}